{"id":827,"date":"2024-06-13T17:48:07","date_gmt":"2024-06-13T17:48:07","guid":{"rendered":"https:\/\/alcoholandfoodsafety.com\/gerente-de-alimentos\/"},"modified":"2025-05-08T13:20:45","modified_gmt":"2025-05-08T13:20:45","slug":"gerente-de-alimentos","status":"publish","type":"page","link":"https:\/\/alcoholandfoodsafety.com\/es\/gerente-de-alimentos\/","title":{"rendered":"FOOD MANAGER"},"content":{"rendered":"\t\t<div data-elementor-type=\"wp-page\" data-elementor-id=\"827\" class=\"elementor elementor-827 elementor-346\" data-elementor-settings=\"{&quot;ha_cmc_init_switcher&quot;:&quot;no&quot;}\" data-elementor-post-type=\"page\">\n\t\t\t\t<div class=\"elementor-element elementor-element-f828acf e-flex e-con-boxed e-con e-parent\" data-id=\"f828acf\" data-element_type=\"container\" data-e-type=\"container\" data-settings=\"{&quot;background_background&quot;:&quot;video&quot;,&quot;background_video_link&quot;:&quot;https:\\\/\\\/alcoholandfoodsafety.com\\\/wp-content\\\/uploads\\\/2024\\\/06\\\/video5.mp4&quot;,&quot;background_play_on_mobile&quot;:&quot;yes&quot;,&quot;_ha_eqh_enable&quot;:false}\">\n\t\t\t\t\t<div class=\"e-con-inner\">\n\t\t<div class=\"elementor-background-video-container\">\n\t\t\t\t\t\t\t<video class=\"elementor-background-video-hosted\" role=\"presentation\" autoplay muted playsinline loop><\/video>\n\t\t\t\t\t<\/div>\t\t<div class=\"elementor-element elementor-element-0132eac elementor-widget__width-initial elementor-widget elementor-widget-heading\" data-id=\"0132eac\" data-element_type=\"widget\" data-e-type=\"widget\" data-widget_type=\"heading.default\">\n\t\t\t\t\t<h2 class=\"elementor-heading-title elementor-size-default\">FOOD MANAGER <\/h2>\t\t\t\t<\/div>\n\t\t\t\t<div class=\"elementor-element elementor-element-436e374 elementor-widget elementor-widget-ha-creative-button happy-addon ha-creative-button\" data-id=\"436e374\" data-element_type=\"widget\" data-e-type=\"widget\" data-widget_type=\"ha-creative-button.default\">\n\t\t\t\t\t\t\t<div data-magnetic=\"no\" class=\"ha-creative-btn-wrap\">\n\t\t\t<a class=\"ha-creative-btn ha-stl--hermosa ha-eft--bloom\" href=\"https:\/\/alcoholandfoodsafety.com\/es\/pongase-en-contacto-con\/\" rel=\"nofollow\"><div><\/div><span>P\u00f3ngase en contacto con nosotros<\/span><\/a>\n\t\t<\/div>\t\t\t\t<\/div>\n\t\t\t\t\t<\/div>\n\t\t\t\t<\/div>\n\t\t<div class=\"elementor-element elementor-element-173b76e e-flex e-con-boxed e-con e-parent\" data-id=\"173b76e\" data-element_type=\"container\" data-e-type=\"container\" data-settings=\"{&quot;background_background&quot;:&quot;gradient&quot;,&quot;_ha_eqh_enable&quot;:false}\">\n\t\t\t\t\t<div class=\"e-con-inner\">\n\t\t\t\t<div class=\"elementor-element elementor-element-8be4233 elementor-widget elementor-widget-text-editor\" data-id=\"8be4233\" data-element_type=\"widget\" data-e-type=\"widget\" data-widget_type=\"text-editor.default\">\n\t\t\t\t\t\t\t\t\t<p>Certificaci\u00f3n de food manager.<\/p>\t\t\t\t\t\t\t\t<\/div>\n\t\t\t\t<div class=\"elementor-element elementor-element-5266dd0 elementor-widget elementor-widget-text-editor\" data-id=\"5266dd0\" data-element_type=\"widget\" data-e-type=\"widget\" data-widget_type=\"text-editor.default\">\n\t\t\t\t\t\t\t\t\tTodos los gerentes de alimentos que sean responsables del almacenamiento, preparaci\u00f3n, exhibici\u00f3n y servicio de alimentos al p\u00fablico deben aprobar un examen de gerente de alimentos aprobado por el estado de Florida que demuestre el conocimiento b\u00e1sico de las pr\u00e1cticas de protecci\u00f3n de alimentos.\t\t\t\t\t\t\t\t<\/div>\n\t\t\t\t<div class=\"elementor-element elementor-element-c0ab6d9 elementor-widget elementor-widget-text-editor\" data-id=\"c0ab6d9\" data-element_type=\"widget\" data-e-type=\"widget\" data-widget_type=\"text-editor.default\">\n\t\t\t\t\t\t\t\t\tLos gestores alimentarios que aprueban el examen reciben una certificaci\u00f3n v\u00e1lida durante un periodo de 5 a\u00f1os.\t\t\t\t\t\t\t\t<\/div>\n\t\t\t\t<div class=\"elementor-element elementor-element-f0ea256 elementor-widget elementor-widget-text-editor\" data-id=\"f0ea256\" data-element_type=\"widget\" data-e-type=\"widget\" data-widget_type=\"text-editor.default\">\n\t\t\t\t\t\t\t\t\tCada establecimiento con licencia debe tener como m\u00ednimo un gestor de alimentos certificado de guardia en todo momento cuando el establecimiento est\u00e9 en funcionamiento.\t\t\t\t\t\t\t\t<\/div>\n\t\t\t\t<div class=\"elementor-element elementor-element-65e4f4f elementor-widget elementor-widget-text-editor\" data-id=\"65e4f4f\" data-element_type=\"widget\" data-e-type=\"widget\" data-widget_type=\"text-editor.default\">\n\t\t\t\t\t\t\t\t\tAdministramos el examen de certificaci\u00f3n de gestor alimentario y, en la mayor\u00eda de los casos, proporcionamos los resultados en directo y en tiempo real despu\u00e9s del examen, con lo que se elimina la necesidad de esperar d\u00edas o incluso semanas para obtener los resultados del examen.\n\n\t\t\t\t\t\t\t\t<\/div>\n\t\t\t\t<div class=\"elementor-element elementor-element-2c1692b elementor-widget elementor-widget-text-editor\" data-id=\"2c1692b\" data-element_type=\"widget\" data-e-type=\"widget\" data-widget_type=\"text-editor.default\">\n\t\t\t\t\t\t\t\t\tSe proporciona una gu\u00eda de estudio gratuita en ingl\u00e9s o espa\u00f1ol, y el examen puede realizarse en otros idiomas.\t\t\t\t\t\t\t\t<\/div>\n\t\t\t\t<div class=\"elementor-element elementor-element-80059e4 elementor-widget elementor-widget-ha-creative-button happy-addon ha-creative-button\" data-id=\"80059e4\" data-element_type=\"widget\" data-e-type=\"widget\" data-widget_type=\"ha-creative-button.default\">\n\t\t\t\t\t\t\t<div data-magnetic=\"no\" class=\"ha-creative-btn-wrap\">\n\t\t\t<a class=\"ha-creative-btn ha-stl--hermosa ha-eft--bloom\" href=\"https:\/\/alcoholandfoodsafety.com\/es\/pongase-en-contacto-con\/\" rel=\"nofollow\"><div><\/div><span>P\u00f3ngase en contacto con nosotros<\/span><\/a>\n\t\t<\/div>\t\t\t\t<\/div>\n\t\t\t\t\t<\/div>\n\t\t\t\t<\/div>\n\t\t<div class=\"elementor-element elementor-element-4b59b7e e-flex e-con-boxed e-con e-parent\" data-id=\"4b59b7e\" data-element_type=\"container\" data-e-type=\"container\" data-settings=\"{&quot;_ha_eqh_enable&quot;:false}\">\n\t\t\t\t\t<div class=\"e-con-inner\">\n\t\t\t\t<div class=\"elementor-element elementor-element-485ed6f elementor-widget__width-initial ha-has-bg-overlay elementor-invisible elementor-widget elementor-widget-video\" data-id=\"485ed6f\" data-element_type=\"widget\" data-e-type=\"widget\" data-settings=\"{&quot;video_type&quot;:&quot;hosted&quot;,&quot;_animation&quot;:&quot;zoomIn&quot;,&quot;controls&quot;:&quot;yes&quot;}\" data-widget_type=\"video.default\">\n\t\t\t\t\t\t\t<div class=\"e-hosted-video elementor-wrapper elementor-open-inline\">\n\t\t\t\t\t<video class=\"elementor-video\" src=\"https:\/\/alcoholandfoodsafety.com\/wp-content\/uploads\/2024\/07\/video-3.mp4\" controls=\"\" preload=\"metadata\" controlsList=\"nodownload\" poster=\"https:\/\/alcoholandfoodsafety.com\/wp-content\/uploads\/2024\/07\/Screenshot-2024-07-13-020938.png\"><\/video>\n\t\t\t\t<\/div>\n\t\t\t\t\t\t<\/div>\n\t\t\t\t\t<\/div>\n\t\t\t\t<\/div>\n\t\t\t\t<\/div>\n\t\t","protected":false},"excerpt":{"rendered":"<p>FOOD MANAGER P\u00f3ngase en contacto con nosotros Certificaci\u00f3n de food manager. Todos los gerentes de alimentos que sean responsables del almacenamiento, preparaci\u00f3n, exhibici\u00f3n y servicio de alimentos al p\u00fablico deben aprobar un examen de gerente de alimentos aprobado por el estado de Florida que demuestre el conocimiento b\u00e1sico de las pr\u00e1cticas de protecci\u00f3n de alimentos.Los [&hellip;]<\/p>\n","protected":false},"author":1,"featured_media":0,"parent":0,"menu_order":0,"comment_status":"closed","ping_status":"closed","template":"","meta":{"footnotes":""},"class_list":["post-827","page","type-page","status-publish","hentry"],"_links":{"self":[{"href":"https:\/\/alcoholandfoodsafety.com\/es\/wp-json\/wp\/v2\/pages\/827","targetHints":{"allow":["GET"]}}],"collection":[{"href":"https:\/\/alcoholandfoodsafety.com\/es\/wp-json\/wp\/v2\/pages"}],"about":[{"href":"https:\/\/alcoholandfoodsafety.com\/es\/wp-json\/wp\/v2\/types\/page"}],"author":[{"embeddable":true,"href":"https:\/\/alcoholandfoodsafety.com\/es\/wp-json\/wp\/v2\/users\/1"}],"replies":[{"embeddable":true,"href":"https:\/\/alcoholandfoodsafety.com\/es\/wp-json\/wp\/v2\/comments?post=827"}],"version-history":[{"count":11,"href":"https:\/\/alcoholandfoodsafety.com\/es\/wp-json\/wp\/v2\/pages\/827\/revisions"}],"predecessor-version":[{"id":989,"href":"https:\/\/alcoholandfoodsafety.com\/es\/wp-json\/wp\/v2\/pages\/827\/revisions\/989"}],"wp:attachment":[{"href":"https:\/\/alcoholandfoodsafety.com\/es\/wp-json\/wp\/v2\/media?parent=827"}],"curies":[{"name":"wp","href":"https:\/\/api.w.org\/{rel}","templated":true}]}}